{"id":400,"date":"2025-02-26T09:05:43","date_gmt":"2025-02-26T08:05:43","guid":{"rendered":"https:\/\/www.diebuerser.at\/?page_id=400"},"modified":"2025-02-26T09:10:35","modified_gmt":"2025-02-26T08:10:35","slug":"wir-fuer-buers-ihre-stimme-am-16-maerz-2025","status":"publish","type":"page","link":"https:\/\/www.diebuerser.at\/","title":{"rendered":"Wir f\u00fcr B\u00fcrs &#8211; Ihre Stimme am 16. M\u00e4rz 2025"},"content":{"rendered":"\n<p class=\"has-black-color has-text-color has-link-color has-medium-font-size wp-elements-cf89b38d09ed79b2fbfcb94b69ccb601\">Am Eingang der beeindruckenden B\u00fcrser Schlucht vereint unser Dorf landschaftliche Vielfalt mit wirtschaftlicher St\u00e4rke. B\u00fcrs steht f\u00fcr Lebensqualit\u00e4t, Gemeinschaft und Perspektiven.<\/p>\n\n\n\n<p class=\"has-black-color has-text-color has-link-color has-medium-font-size wp-elements-e1d804ce028b2f9bf06473f49bd72441\">Unsere Politik basiert auf Zusammenarbeit, Sachlichkeit und gesundem Menschenverstand \u2013 unabh\u00e4ngig von Parteizugeh\u00f6rigkeiten. Als \u201eDie B\u00fcrser \u2013 Volkspartei und Unabh\u00e4ngige\u201c setzen wir uns engagiert f\u00fcr die Zukunft unseres Dorfes ein.<\/p>\n\n\n\n<p class=\"has-black-color has-text-color has-link-color has-medium-font-size wp-elements-fd2bfbd3c2ba4a64d60970c52482dde0\">Mit Erfahrung, Fachwissen und neuen Ideen gestalten wir eine lebendige, gerechte und zukunftsorientierte Gemeinde. Unterst\u00fctzen Sie uns mit Ihrer Stimme \u2013 f\u00fcr ein starkes B\u00fcrs!<\/p>\n\n\n\n<p class=\"has-black-color has-text-color has-link-color has-large-font-size wp-elements-cd2738984a684864c30063f636943164\"><strong>Verantwortung \u00fcbernhemen, Zukunft gestalten!<\/strong><\/p>\n\n\n\n<figure class=\"wp-block-image size-large\"><img loading=\"lazy\" decoding=\"async\" width=\"1024\" height=\"672\" src=\"https:\/\/www.diebuerser.at\/wp-content\/uploads\/2025\/02\/1V8A8245_bearbeitet-1024x672.jpg\" alt=\"\" class=\"wp-image-313\" srcset=\"https:\/\/www.diebuerser.at\/wp-content\/uploads\/2025\/02\/1V8A8245_bearbeitet-1024x672.jpg 1024w, https:\/\/www.diebuerser.at\/wp-content\/uploads\/2025\/02\/1V8A8245_bearbeitet-300x197.jpg 300w, https:\/\/www.diebuerser.at\/wp-content\/uploads\/2025\/02\/1V8A8245_bearbeitet-768x504.jpg 768w, https:\/\/www.diebuerser.at\/wp-content\/uploads\/2025\/02\/1V8A8245_bearbeitet-1536x1008.jpg 1536w, https:\/\/www.diebuerser.at\/wp-content\/uploads\/2025\/02\/1V8A8245_bearbeitet-2048x1344.jpg 2048w, https:\/\/www.diebuerser.at\/wp-content\/uploads\/2025\/02\/1V8A8245_bearbeitet-177x116.jpg 177w\" sizes=\"auto, (max-width: 1024px) 100vw, 1024px\" \/><\/figure>\n\n\n\n<p class=\"has-medium-font-size\">Weiterf\u00fchrende Informationen zu unserem Programm und Kandidaten:<\/p>\n\n\n\n<ul class=\"wp-block-list\">\n<li class=\"has-medium-font-size\"><a href=\"https:\/\/www.diebuerser.at\/?page_id=385\" data-type=\"page\" data-id=\"385\">Programm<\/a><\/li>\n\n\n\n<li class=\"has-medium-font-size\"><a href=\"https:\/\/www.diebuerser.at\/?page_id=50\" data-type=\"page\" data-id=\"50\">Kandidaten<\/a><\/li>\n<\/ul>\n\n\n\n<p><em>Folgend unsere Social Media Beitr\u00e4ge:<\/em><\/p>\n\n\n\n<div class=\"wp-block-columns is-layout-flex wp-container-core-columns-is-layout-1 wp-block-columns-is-layout-flex\">\n<div class=\"wp-block-column is-layout-flow wp-block-column-is-layout-flow\" style=\"flex-basis:100%\">\n<div class=\"wp-block-group\"><div class=\"wp-block-group__inner-container is-layout-constrained wp-block-group-is-layout-constrained\">\t\t<div id=\"instagram-gallery-feed-qligg-9\" class=\"instagram-gallery-feed\" data-feed=\"{&quot;id&quot;:&quot;qligg-9&quot;,&quot;account_id&quot;:&quot;3691674814277692&quot;,&quot;source&quot;:&quot;username&quot;,&quot;tag&quot;:&quot;WordPress&quot;,&quot;order_by&quot;:&quot;top_media&quot;,&quot;layout&quot;:&quot;gallery&quot;,&quot;limit&quot;:12,&quot;columns&quot;:3,&quot;lazy&quot;:false,&quot;spacing&quot;:10,&quot;highlight&quot;:{&quot;tag&quot;:&quot;&quot;,&quot;id&quot;:&quot;&quot;,&quot;position&quot;:&quot;1,3,5&quot;},&quot;reel&quot;:{&quot;hide&quot;:false},&quot;copyright&quot;:{&quot;hide&quot;:false,&quot;placeholder&quot;:&quot;&quot;},&quot;profile&quot;:{&quot;display&quot;:false,&quot;auto&quot;:false,&quot;username&quot;:&quot;&quot;,&quot;nickname&quot;:&quot;&quot;,&quot;website&quot;:&quot;&quot;,&quot;biography&quot;:&quot;&quot;,&quot;link_text&quot;:&quot;Follow&quot;,&quot;website_text&quot;:&quot;Website&quot;,&quot;avatar&quot;:&quot;&quot;},&quot;box&quot;:{&quot;display&quot;:false,&quot;padding&quot;:1,&quot;radius&quot;:0,&quot;background&quot;:&quot;#fefefe&quot;,&quot;profile&quot;:false,&quot;desc&quot;:&quot;&quot;,&quot;text_color&quot;:&quot;#000000&quot;},&quot;mask&quot;:{&quot;display&quot;:true,&quot;background&quot;:&quot;#000000&quot;,&quot;likes_count&quot;:true,&quot;comments_count&quot;:true},&quot;card&quot;:{&quot;display&quot;:false,&quot;radius&quot;:1,&quot;font_size&quot;:12,&quot;background&quot;:&quot;#ffffff&quot;,&quot;background_hover&quot;:&quot;#ffffff&quot;,&quot;text_color&quot;:&quot;#000000&quot;,&quot;padding&quot;:5,&quot;likes_count&quot;:true,&quot;text_length&quot;:10,&quot;comments_count&quot;:true,&quot;text_align&quot;:&quot;left&quot;},&quot;carousel&quot;:{&quot;slidespv&quot;:5,&quot;centered_slides&quot;:false,&quot;autoplay&quot;:false,&quot;autoplay_interval&quot;:3000,&quot;navarrows&quot;:true,&quot;navarrows_color&quot;:&quot;&quot;,&quot;pagination&quot;:true,&quot;pagination_color&quot;:&quot;&quot;},&quot;modal&quot;:{&quot;display&quot;:true,&quot;profile&quot;:true,&quot;media_description&quot;:true,&quot;likes_count&quot;:true,&quot;comments_count&quot;:true,&quot;text_align&quot;:&quot;left&quot;,&quot;modal_align&quot;:&quot;right&quot;,&quot;text_length&quot;:10000,&quot;font_size&quot;:12},&quot;button&quot;:{&quot;display&quot;:true,&quot;text&quot;:&quot;View on Instagram&quot;,&quot;text_color&quot;:&quot;#ffff&quot;,&quot;background&quot;:&quot;&quot;,&quot;background_hover&quot;:&quot;&quot;},&quot;button_load&quot;:{&quot;display&quot;:false,&quot;text&quot;:&quot;Load more...&quot;,&quot;text_color&quot;:&quot;#ffff&quot;,&quot;background&quot;:&quot;&quot;,&quot;background_hover&quot;:&quot;&quot;}}\">\n\t\t<!-- <FeedContainer\/> -->\n\t\t<\/div>\n\t\t<\/div><\/div>\n<\/div>\n<\/div>\n\n\n\n<p><\/p>\n","protected":false},"excerpt":{"rendered":"<p>Am Eingang der beeindruckenden B\u00fcrser Schlucht vereint unser Dorf landschaftliche Vielfalt mit wirtschaftlicher St\u00e4rke. B\u00fcrs steht f\u00fcr Lebensqualit\u00e4t, Gemeinschaft und Perspektiven. Unsere Politik basiert auf Zusammenarbeit, Sachlichkeit und gesundem Menschenverstand \u2013 unabh\u00e4ngig von Parteizugeh\u00f6rigkeiten. Als \u201eDie B\u00fcrser \u2013 Volkspartei und Unabh\u00e4ngige\u201c setzen wir uns engagiert f\u00fcr die Zukunft unseres Dorfes ein. Mit Erfahrung, Fachwissen und<\/p>\n<div><a class=\"btn-filled btn\" href=\"https:\/\/www.diebuerser.at\/\" title=\"Wir f\u00fcr B\u00fcrs &#8211; Ihre Stimme am 16. M\u00e4rz 2025\">Weiterlesen<\/a><\/div>\n","protected":false},"author":1,"featured_media":0,"parent":0,"menu_order":0,"comment_status":"closed","ping_status":"closed","template":"","meta":{"footnotes":""},"class_list":["post-400","page","type-page","status-publish","hentry"],"jetpack_sharing_enabled":true,"_links":{"self":[{"href":"https:\/\/www.diebuerser.at\/index.php?rest_route=\/wp\/v2\/pages\/400","targetHints":{"allow":["GET"]}}],"collection":[{"href":"https:\/\/www.diebuerser.at\/index.php?rest_route=\/wp\/v2\/pages"}],"about":[{"href":"https:\/\/www.diebuerser.at\/index.php?rest_route=\/wp\/v2\/types\/page"}],"author":[{"embeddable":true,"href":"https:\/\/www.diebuerser.at\/index.php?rest_route=\/wp\/v2\/users\/1"}],"replies":[{"embeddable":true,"href":"https:\/\/www.diebuerser.at\/index.php?rest_route=%2Fwp%2Fv2%2Fcomments&post=400"}],"version-history":[{"count":3,"href":"https:\/\/www.diebuerser.at\/index.php?rest_route=\/wp\/v2\/pages\/400\/revisions"}],"predecessor-version":[{"id":413,"href":"https:\/\/www.diebuerser.at\/index.php?rest_route=\/wp\/v2\/pages\/400\/revisions\/413"}],"wp:attachment":[{"href":"https:\/\/www.diebuerser.at\/index.php?rest_route=%2Fwp%2Fv2%2Fmedia&parent=400"}],"curies":[{"name":"wp","href":"https:\/\/api.w.org\/{rel}","templated":true}]}}